{"id":106072,"date":"2021-11-22T09:04:31","date_gmt":"2021-11-22T08:04:31","guid":{"rendered":"https:\/\/www.blog2social.com\/de\/blog\/?page_id=106072"},"modified":"2022-04-28T12:07:11","modified_gmt":"2022-04-28T10:07:11","slug":"revisiones","status":"publish","type":"page","link":"https:\/\/www.blog2social.com\/de\/blog\/revisiones\/","title":{"rendered":"Informes de revisiones de Blog2Social"},"content":{"rendered":"\n<h2 class=\"wp-block-heading\" id=\"aqui-puedes-encontrar-comentarios-criticas-y-opiniones-de-clientes-entusiastas-de-blog2social\">Aqu\u00ed puedes encontrar comentarios, cr\u00edticas y opiniones de clientes entusiastas de Blog2Social.<\/h2>\n\n\n\n<p>\u201e<em>Blog2Social saves your time and prevents you from this sharing-pain\u201c<\/em>, dice Chris Abraham. Y Blog2Social puede hacer mucho m\u00e1s. \u00bfTienes curiosidad? <a href=\"https:\/\/www.blog2social.com\/en\/plugin\/wordpress\/premium-trial\/\" target=\"_blank\" rel=\"noreferrer noopener\">Entonces empiece ahora con nuestra versi\u00f3n de prueba gratuita.<\/a><\/p>\n\n\n\n<p><strong>\u00bfEst\u00e1s interesado en m\u00e1s revisiones para Blog2Social?<\/strong> Lee lo que otros dicen sobre Blog2Social o deja tu revisi\u00f3n.<\/p>\n\n\n\n<div class=\"wp-block-image\"><figure class=\"aligncenter size-full is-resized\"><img loading=\"lazy\" decoding=\"async\" src=\"https:\/\/www.blog2social.com\/de\/blog\/wp-content\/uploads\/2021\/11\/review-anfrage-sp.png\" alt=\"\u00bfTe gusta trabajar con Blog2Social? Corre la voz y danos una calificaci\u00f3n de 5 estrellas. \u00a1Muchas gracias!\" class=\"wp-image-106073\" width=\"524\" height=\"262\"\/><\/figure><\/div>\n\n\n\n<p class=\"has-text-align-center\"><a href=\"https:\/\/wordpress.org\/plugins\/blog2social\/\" target=\"_blank\" rel=\"noreferrer noopener\">WordPress.org<\/a> <a href=\"https:\/\/www.facebook.com\/Blog2Social\/\" target=\"_blank\" rel=\"noreferrer noopener\">Facebook<\/a> <a href=\"https:\/\/www.google.com\/search?q=adenion&amp;rlz=1C1AVFB_enDE941DE941&amp;oq=adenion+&amp;aqs=chrome.0.69i59j46i175i199i512j0i512l2j69i61l3j69i65.2703j0j7&amp;sourceid=chrome&amp;ie=UTF-8#lrd=0x47bf4c3b97e5416b:0x7ffab8eff1308e34,1,,,\" target=\"_blank\" rel=\"noreferrer noopener\">Google Business Profile<\/a>  <a href=\"https:\/\/www.g2.com\/products\/blog2social\/reviews\" target=\"_blank\" rel=\"noreferrer noopener\">G2Crowd<\/a> <a href=\"https:\/\/www.capterra.com.de\/software\/178463\/blog2social\" target=\"_blank\" rel=\"noreferrer noopener\">Capterra<\/a>  <a href=\"https:\/\/omr.com\/de\/reviews\/product\/blog2social\" target=\"_blank\" rel=\"noreferrer noopener\">OMR Reviews<\/a> <a href=\"https:\/\/www.trustpilot.com\/review\/blog2social.com\" target=\"_blank\" rel=\"noreferrer noopener\">Trustpilot<\/a> <a href=\"https:\/\/crozdesk.com\/software\/blog2social\" target=\"_blank\" rel=\"noreferrer noopener\">Crozdesk<\/a><\/p>\n\n\n\n<hr class=\"wp-block-separator\"\/>\n\n\n\n<p><strong>En este lado no queremos compartir nuestra opini\u00f3n en nuestra herramienta de medios sociales, sino dar a nuestros usuarios y amigos la oportunidad de hacerlo. Aqu\u00ed encontrar\u00e1s una selecci\u00f3n de revisiones.<\/strong><\/p>\n\n\n\n<ol class=\"wp-block-list\"><li><a href=\"#Art\u00edculos-del-blog\">Art\u00edculos del blog<\/a><\/li><li><a href=\"#V\u00eddeos\">V\u00eddeos<\/a><\/li><li><a href=\"#Citas\">Citas<\/a><\/li><li><a href=\"#M\u00e1s-revisiones-y-listados\">M\u00e1s revisiones y listados<\/a><\/li><\/ol>\n\n\n\n<hr class=\"wp-block-separator\"\/>\n\n\n\n<h2 class=\"wp-block-heading\" id=\"Art\u00edculos-del-blog\">Art\u00edculos del blog <\/h2>\n\n\n\n<div class=\"wp-block-media-text alignwide is-stacked-on-mobile\" style=\"grid-template-columns:48% auto\"><figure class=\"wp-block-media-text__media\"><img loading=\"lazy\" decoding=\"async\" width=\"850\" height=\"491\" src=\"https:\/\/www.blog2social.com\/de\/blog\/wp-content\/uploads\/2021\/11\/beitragsbild-costainvest-review-blog2social.jpg\" alt=\"\" class=\"wp-image-106075 size-full\" srcset=\"https:\/\/www.blog2social.com\/de\/blog\/wp-content\/uploads\/2021\/11\/beitragsbild-costainvest-review-blog2social.jpg 850w, https:\/\/www.blog2social.com\/de\/blog\/wp-content\/uploads\/2021\/11\/beitragsbild-costainvest-review-blog2social-600x347.jpg 600w, https:\/\/www.blog2social.com\/de\/blog\/wp-content\/uploads\/2021\/11\/beitragsbild-costainvest-review-blog2social-768x444.jpg 768w, https:\/\/www.blog2social.com\/de\/blog\/wp-content\/uploads\/2021\/11\/beitragsbild-costainvest-review-blog2social-779x450.jpg 779w\" sizes=\"auto, (max-width: 850px) 100vw, 850px\" \/><\/figure><div class=\"wp-block-media-text__content\">\n<blockquote class=\"wp-block-quote is-layout-flow wp-block-quote-is-layout-flow\"><p>&#8222;Es una buena opci\u00f3n para las inmobiliarias con presupuestos limitados que desean potenciar su presencia en las redes sociales, porque la licencia gratuita del plugin permite utilizar la mayor\u00eda de las caracter\u00edsticas disponibles. El n\u00famero de plataformas es bastante interesante, y el plugin vincula perfiles, p\u00e1ginas y grupos, facilitando conseguir la m\u00e1xima difusi\u00f3n para las publicaciones de la inmobiliaria.&#8220;<\/p><p><strong>Daniel Costa Lerena de costainvest.org<\/strong><\/p><\/blockquote>\n<\/div><\/div>\n\n\n\n<p><a href=\"https:\/\/www.costainvest.org\/blog2social-redes-sociales\/\">Lea m\u00e1s sobre la experiencia de Daniel Costa Lerena con Blog2Social.<\/a><\/p>\n\n\n\n<hr class=\"wp-block-separator\"\/>\n\n\n\n<h2 class=\"wp-block-heading\" id=\"V\u00eddeos\">V\u00eddeos<\/h2>\n\n\n\n<p><strong>Pura Web sobre las funciones de Blog2Social.<\/strong><br>Vea el v\u00eddeo: <a href=\"https:\/\/www.youtube.com\/watch?v=1q2Id_E9Ufc\" target=\"_blank\" rel=\"noreferrer noopener\">https:\/\/www.youtube.com\/watch?v=1q2Id_E9Ufc<\/a><\/p>\n\n\n\n<hr class=\"wp-block-separator\"\/>\n\n\n\n<p><strong>Netgrows, sobre las funciones de Blog2Social.<\/strong><br>Vea el v\u00eddeo: <a href=\"https:\/\/www.youtube.com\/watch?v=u4FppYlfWM8\" target=\"_blank\" rel=\"noreferrer noopener\">https:\/\/www.youtube.com\/watch?v=u4FppYlfWM8<\/a><\/p>\n\n\n\n<hr class=\"wp-block-separator\"\/>\n\n\n\n<p><strong>Dise\u00f1o web con wordpress, sobre las funciones de Blog2Social.<\/strong><br>Vea el v\u00eddeo: <\/p>\n\n\n\n<p>1. <a href=\"https:\/\/www.youtube.com\/watch?v=v3L83vaiF-4\" target=\"_blank\" rel=\"noreferrer noopener\">https:\/\/www.youtube.com\/watch?v=v3L83vaiF-4<\/a><\/p>\n\n\n\n<iframe loading=\"lazy\" src=\"https:\/\/www.youtube.com\/embed\/v3L83vaiF-4\" title=\"YouTube video player\" allow=\"accelerometer; autoplay; clipboard-write; encrypted-media; gyroscope; picture-in-picture\" allowfullscreen=\"\" width=\"560\" height=\"315\" frameborder=\"0\"><\/iframe>\n\n\n\n<p>2. <a href=\"https:\/\/www.youtube.com\/watch?v=wE-IRpDUyH0\" target=\"_blank\" rel=\"noreferrer noopener\">https:\/\/www.youtube.com\/watch?v=wE-IRpDUyH0<\/a><\/p>\n\n\n\n<iframe loading=\"lazy\" src=\"https:\/\/www.youtube.com\/embed\/wE-IRpDUyH0\" title=\"YouTube video player\" allow=\"accelerometer; autoplay; clipboard-write; encrypted-media; gyroscope; picture-in-picture\" allowfullscreen=\"\" width=\"560\" height=\"315\" frameborder=\"0\"><\/iframe>\n\n\n\n<hr class=\"wp-block-separator\"\/>\n\n\n\n<h2 class=\"wp-block-heading\" id=\"Citas\">Citas<\/h2>\n\n\n\n<div class=\"wp-block-image\"><figure class=\"aligncenter size-full\"><img loading=\"lazy\" decoding=\"async\" width=\"600\" height=\"400\" src=\"https:\/\/www.blog2social.com\/de\/blog\/wp-content\/uploads\/2022\/02\/wordpress-review-blog2social-donamado-sp.png\" alt=\"Blog2Social revisiones: &quot;Me gusta mucho esta aplicaci\u00f3n, me facilita el trabajo, y lo hace mas r\u00e1pido.&quot; donamado via WordPress\" class=\"wp-image-106402\"\/><\/figure><\/div>\n\n\n\n<hr class=\"wp-block-separator\"\/>\n\n\n\n<div class=\"wp-block-image\"><figure class=\"aligncenter size-full\"><img loading=\"lazy\" decoding=\"async\" width=\"600\" height=\"400\" src=\"https:\/\/www.blog2social.com\/de\/blog\/wp-content\/uploads\/2022\/02\/wordpress-review-blog2social-alexnavarorred-sp.png\" alt=\"Blog2Social revisiones: &quot;Excelente Plug-In como un gran apoyo a la estrategia de Marketing Digital. Facilita el trabajo y adem\u00e1s simplifica y apoya procesos de posteo hacia Redes Sociales. Muy Recomendable!&quot; alexnvarrored via WordPress\" class=\"wp-image-106400\"\/><\/figure><\/div>\n\n\n\n<hr class=\"wp-block-separator\"\/>\n\n\n\n<div class=\"wp-block-image\"><figure class=\"aligncenter size-full\"><img loading=\"lazy\" decoding=\"async\" width=\"600\" height=\"400\" src=\"https:\/\/www.blog2social.com\/de\/blog\/wp-content\/uploads\/2021\/11\/blog2social-review-wordpress-polosurtdf.png\" alt=\"excelente - excelente herramienta - polosurtdf via WordPress\" class=\"wp-image-106081\"\/><\/figure><\/div>\n\n\n\n<div class=\"wp-block-image\"><figure class=\"aligncenter size-full\"><img loading=\"lazy\" decoding=\"async\" width=\"600\" height=\"400\" src=\"https:\/\/www.blog2social.com\/de\/blog\/wp-content\/uploads\/2021\/11\/blog2social-review-wordpress-ppena18.png\" alt=\"Fant\u00e1stico - Lo m\u00e1s sencillo con pocos clicks - ppena18 via WordPress\" class=\"wp-image-106080\"\/><\/figure><\/div>\n\n\n\n<div class=\"wp-block-image\"><figure class=\"aligncenter size-full\"><img loading=\"lazy\" decoding=\"async\" width=\"600\" height=\"400\" src=\"https:\/\/www.blog2social.com\/de\/blog\/wp-content\/uploads\/2021\/11\/blog2social-review-wordpress-adrianosantos1.png\" alt=\"\u00d3timo plug-in- adrianosantos1 via WordPress\" class=\"wp-image-106079\"\/><\/figure><\/div>\n\n\n\n<div class=\"wp-block-image\"><figure class=\"aligncenter size-full\"><img loading=\"lazy\" decoding=\"async\" width=\"600\" height=\"400\" src=\"https:\/\/www.blog2social.com\/de\/blog\/wp-content\/uploads\/2021\/11\/blog2social-review-wordpress-sp.png\" alt=\"Ahorra mucho tiempo - &quot;Es perfecto para compartir r\u00e1pidamente cualquier post en diferentes redes sociales. Yo lo uso para compartir en facebook, instagram y twitter y me va de lujo.&quot; - weblanzarote via WordPress\" class=\"wp-image-106077\"\/><\/figure><\/div>\n\n\n\n<hr class=\"wp-block-separator\"\/>\n\n\n\n<h2 class=\"wp-block-heading\" id=\"M\u00e1s-revisiones-y-listados\">M\u00e1s revisiones y listados<\/h2>\n\n\n\n<div class=\"wp-block-image\"><figure class=\"aligncenter size-full is-resized\"><img loading=\"lazy\" decoding=\"async\" src=\"https:\/\/www.blog2social.com\/de\/blog\/wp-content\/uploads\/2021\/11\/Hostinger-Tutoriales.png\" alt=\"\" class=\"wp-image-106074\" width=\"362\" height=\"85\"\/><\/figure><\/div>\n\n\n\n<p><strong>Gustavo B. de Hostinger Tutorial piensa que Blog2Social es probablemente el mejor plugin de redes sociales para WordPress.<\/strong><\/p>\n\n\n\n<p>Por el art\u00edculo: <a href=\"https:\/\/www.hostinger.es\/tutoriales\/integrar-redes-sociales-wordpress\/\" target=\"_blank\" rel=\"noreferrer noopener\">https:\/\/www.hostinger.es\/tutoriales\/integrar-redes-sociales-wordpress\/<\/a><\/p>\n\n\n\n<hr class=\"wp-block-separator\"\/>\n\n\n\n<div class=\"wp-block-image\"><figure class=\"aligncenter size-full is-resized\"><img loading=\"lazy\" decoding=\"async\" src=\"https:\/\/www.blog2social.com\/de\/blog\/wp-content\/uploads\/2021\/11\/herbergementwebs-logo.png\" alt=\"\" class=\"wp-image-106076\" width=\"353\" height=\"109\"\/><\/figure><\/div>\n\n\n\n<p><strong>&#8222;Los 8 mejores complementos gratuitos de blogueo autom\u00e1tico para 2020&#8220;<\/strong><\/p>\n\n\n\n<p>Por el art\u00edculo: <a href=\"https:\/\/www.hebergementwebs.com\/sitio-de-internet\/los-8-mejores-complementos-gratuitos-de-blogueo-automatico-para-2020\" target=\"_blank\" rel=\"noreferrer noopener\">https:\/\/www.hebergementwebs.com\/sitio-de-internet\/los-8-mejores-complementos-gratuitos-de-blogueo-automatico-para-2020<\/a><\/p>\n\n\n\n<hr class=\"wp-block-separator\"\/>\n\n\n\n<p> <strong>\u00bfTienes curiosidad?<\/strong> <a href=\"https:\/\/www.blog2social.com\/en\/plugin\/wordpress\/premium-trial\/\" target=\"_blank\" rel=\"noreferrer noopener\">Entonces empiece ahora con nuestra versi\u00f3n de prueba gratuita.<\/a> <\/p>\n\n\n\n<hr class=\"wp-block-separator\"\/>\n\n\n\n<div class=\"wp-block-image\"><figure class=\"aligncenter size-full is-resized\"><img loading=\"lazy\" decoding=\"async\" src=\"https:\/\/www.blog2social.com\/de\/blog\/wp-content\/uploads\/2021\/11\/review-anfrage-sp.png\" alt=\"\u00bfTe gusta trabajar con Blog2Social? Corre la voz y danos una calificaci\u00f3n de 5 estrellas. \u00a1Muchas gracias!\" class=\"wp-image-106073\" width=\"524\" height=\"262\"\/><\/figure><\/div>\n\n\n\n<p class=\"has-text-align-center\"><a href=\"https:\/\/wordpress.org\/plugins\/blog2social\/\" target=\"_blank\" rel=\"noreferrer noopener\">WordPress.org<\/a> <a href=\"https:\/\/www.facebook.com\/Blog2Social\/\" target=\"_blank\" rel=\"noreferrer noopener\">Facebook<\/a> <a href=\"https:\/\/www.google.com\/search?q=adenion&amp;rlz=1C1AVFB_enDE941DE941&amp;oq=adenion+&amp;aqs=chrome.0.69i59j46i175i199i512j0i512l2j69i61l3j69i65.2703j0j7&amp;sourceid=chrome&amp;ie=UTF-8#lrd=0x47bf4c3b97e5416b:0x7ffab8eff1308e34,1,,,\" target=\"_blank\" rel=\"noreferrer noopener\">Google Business Profile<\/a>  <a href=\"https:\/\/www.g2.com\/products\/blog2social\/reviews\" target=\"_blank\" rel=\"noreferrer noopener\">G2Crowd<\/a> <a href=\"https:\/\/www.capterra.com.de\/software\/178463\/blog2social\" target=\"_blank\" rel=\"noreferrer noopener\">Capterra<\/a>  <a href=\"https:\/\/omr.com\/de\/reviews\/product\/blog2social\" target=\"_blank\" rel=\"noreferrer noopener\">OMR Reviews<\/a> <a href=\"https:\/\/www.trustpilot.com\/review\/blog2social.com\" target=\"_blank\" rel=\"noreferrer noopener\">Trustpilot<\/a> <a href=\"https:\/\/crozdesk.com\/software\/blog2social\" target=\"_blank\" rel=\"noreferrer noopener\">Crozdesk<\/a><\/p>\n","protected":false},"excerpt":{"rendered":"<p>Aqu\u00ed puedes encontrar comentarios, cr\u00edticas y opiniones de clientes entusiastas de Blog2Social. \u201eBlog2Social saves your time and prevents you from this sharing-pain\u201c, dice Chris Abraham. Y Blog2Social puede hacer mucho m\u00e1s. \u00bfTienes curiosidad? Entonces empiece ahora con nuestra versi\u00f3n de prueba gratuita. \u00bfEst\u00e1s interesado en m\u00e1s revisiones para Blog2Social? Lee lo que otros dicen sobre [&hellip;]<\/p>\n","protected":false},"author":4,"featured_media":0,"parent":0,"menu_order":0,"comment_status":"closed","ping_status":"closed","template":"","meta":{"footnotes":""},"class_list":["post-106072","page","type-page","status-publish","hentry"],"yoast_head":"<!-- This site is optimized with the Yoast SEO plugin v27.6 - https:\/\/yoast.com\/product\/yoast-seo-wordpress\/ -->\n<title>Informes de revisiones de Blog2Social<\/title>\n<meta name=\"description\" content=\"Aqu\u00ed encontrar\u00e1s las revisiones m\u00e1s destacadas de la herramienta de redes sociales Blog2Social. Comprueba lo que otros piensan sobre Blog2Social o deja una valoraci\u00f3n t\u00fa mismo.\" \/>\n<meta name=\"robots\" content=\"index, follow, max-snippet:-1, max-image-preview:large, max-video-preview:-1\" \/>\n<link rel=\"canonical\" href=\"https:\/\/www.blog2social.com\/de\/blog\/revisiones\/\" \/>\n<meta property=\"og:locale\" content=\"de_DE\" \/>\n<meta property=\"og:type\" content=\"article\" \/>\n<meta property=\"og:title\" content=\"Informes de revisiones de Blog2Social\" \/>\n<meta property=\"og:description\" content=\"Aqu\u00ed encontrar\u00e1s las revisiones m\u00e1s destacadas de la herramienta de redes sociales Blog2Social. Comprueba lo que otros piensan sobre Blog2Social o deja una valoraci\u00f3n t\u00fa mismo.\" \/>\n<meta property=\"og:url\" content=\"https:\/\/www.blog2social.com\/de\/blog\/revisiones\/\" \/>\n<meta property=\"og:site_name\" content=\"Blog2Social Blog - Social Media Marketing f\u00fcr Blogs\" \/>\n<meta property=\"article:publisher\" content=\"https:\/\/www.facebook.com\/Blog2Social\" \/>\n<meta property=\"article:modified_time\" content=\"2022-04-28T10:07:11+00:00\" \/>\n<meta property=\"og:image\" content=\"https:\/\/www.blog2social.com\/de\/blog\/wp-content\/uploads\/2021\/11\/review-anfrage-sp.png\" \/>\n<meta name=\"twitter:label1\" content=\"Gesch\u00e4tzte Lesezeit\" \/>\n\t<meta name=\"twitter:data1\" content=\"4\u00a0Minuten\" \/>\n<script type=\"application\/ld+json\" class=\"yoast-schema-graph\">{\"@context\":\"https:\\\/\\\/schema.org\",\"@graph\":[{\"@type\":\"WebPage\",\"@id\":\"https:\\\/\\\/www.blog2social.com\\\/de\\\/blog\\\/revisiones\\\/\",\"url\":\"https:\\\/\\\/www.blog2social.com\\\/de\\\/blog\\\/revisiones\\\/\",\"name\":\"Informes de revisiones de Blog2Social\",\"isPartOf\":{\"@id\":\"https:\\\/\\\/www.blog2social.com\\\/de\\\/blog\\\/#website\"},\"primaryImageOfPage\":{\"@id\":\"https:\\\/\\\/www.blog2social.com\\\/de\\\/blog\\\/revisiones\\\/#primaryimage\"},\"image\":{\"@id\":\"https:\\\/\\\/www.blog2social.com\\\/de\\\/blog\\\/revisiones\\\/#primaryimage\"},\"thumbnailUrl\":\"https:\\\/\\\/www.blog2social.com\\\/de\\\/blog\\\/wp-content\\\/uploads\\\/2021\\\/11\\\/review-anfrage-sp.png\",\"datePublished\":\"2021-11-22T08:04:31+00:00\",\"dateModified\":\"2022-04-28T10:07:11+00:00\",\"description\":\"Aqu\u00ed encontrar\u00e1s las revisiones m\u00e1s destacadas de la herramienta de redes sociales Blog2Social. Comprueba lo que otros piensan sobre Blog2Social o deja una valoraci\u00f3n t\u00fa mismo.\",\"breadcrumb\":{\"@id\":\"https:\\\/\\\/www.blog2social.com\\\/de\\\/blog\\\/revisiones\\\/#breadcrumb\"},\"inLanguage\":\"de\",\"potentialAction\":[{\"@type\":\"ReadAction\",\"target\":[\"https:\\\/\\\/www.blog2social.com\\\/de\\\/blog\\\/revisiones\\\/\"]}]},{\"@type\":\"ImageObject\",\"inLanguage\":\"de\",\"@id\":\"https:\\\/\\\/www.blog2social.com\\\/de\\\/blog\\\/revisiones\\\/#primaryimage\",\"url\":\"https:\\\/\\\/www.blog2social.com\\\/de\\\/blog\\\/wp-content\\\/uploads\\\/2021\\\/11\\\/review-anfrage-sp.png\",\"contentUrl\":\"https:\\\/\\\/www.blog2social.com\\\/de\\\/blog\\\/wp-content\\\/uploads\\\/2021\\\/11\\\/review-anfrage-sp.png\",\"width\":400,\"height\":200,\"caption\":\"\u00bfTe gusta trabajar con Blog2Social? Corre la voz y danos una calificaci\u00f3n de 5 estrellas. \u00a1Muchas gracias!\"},{\"@type\":\"BreadcrumbList\",\"@id\":\"https:\\\/\\\/www.blog2social.com\\\/de\\\/blog\\\/revisiones\\\/#breadcrumb\",\"itemListElement\":[{\"@type\":\"ListItem\",\"position\":1,\"name\":\"Home\",\"item\":\"https:\\\/\\\/www.blog2social.com\\\/de\\\/blog\\\/\"},{\"@type\":\"ListItem\",\"position\":2,\"name\":\"Informes de revisiones de Blog2Social\"}]},{\"@type\":\"WebSite\",\"@id\":\"https:\\\/\\\/www.blog2social.com\\\/de\\\/blog\\\/#website\",\"url\":\"https:\\\/\\\/www.blog2social.com\\\/de\\\/blog\\\/\",\"name\":\"Blog2Social Blog - Social Media Marketing f\u00fcr Blogs\",\"description\":\"Tipps zum Optimieren von Social Media Posts auf Netzwerken wie Facebook, Twitter, XING, Instagram, Pinterest. Profi-Tipps zu den besten Zeiten.\",\"potentialAction\":[{\"@type\":\"SearchAction\",\"target\":{\"@type\":\"EntryPoint\",\"urlTemplate\":\"https:\\\/\\\/www.blog2social.com\\\/de\\\/blog\\\/?s={search_term_string}\"},\"query-input\":{\"@type\":\"PropertyValueSpecification\",\"valueRequired\":true,\"valueName\":\"search_term_string\"}}],\"inLanguage\":\"de\"}]}<\/script>\n<!-- \/ Yoast SEO plugin. -->","yoast_head_json":{"title":"Informes de revisiones de Blog2Social","description":"Aqu\u00ed encontrar\u00e1s las revisiones m\u00e1s destacadas de la herramienta de redes sociales Blog2Social. Comprueba lo que otros piensan sobre Blog2Social o deja una valoraci\u00f3n t\u00fa mismo.","robots":{"index":"index","follow":"follow","max-snippet":"max-snippet:-1","max-image-preview":"max-image-preview:large","max-video-preview":"max-video-preview:-1"},"canonical":"https:\/\/www.blog2social.com\/de\/blog\/revisiones\/","og_locale":"de_DE","og_type":"article","og_title":"Informes de revisiones de Blog2Social","og_description":"Aqu\u00ed encontrar\u00e1s las revisiones m\u00e1s destacadas de la herramienta de redes sociales Blog2Social. Comprueba lo que otros piensan sobre Blog2Social o deja una valoraci\u00f3n t\u00fa mismo.","og_url":"https:\/\/www.blog2social.com\/de\/blog\/revisiones\/","og_site_name":"Blog2Social Blog - Social Media Marketing f\u00fcr Blogs","article_publisher":"https:\/\/www.facebook.com\/Blog2Social","article_modified_time":"2022-04-28T10:07:11+00:00","og_image":[{"url":"https:\/\/www.blog2social.com\/de\/blog\/wp-content\/uploads\/2021\/11\/review-anfrage-sp.png","type":"","width":"","height":""}],"twitter_misc":{"Gesch\u00e4tzte Lesezeit":"4\u00a0Minuten"},"schema":{"@context":"https:\/\/schema.org","@graph":[{"@type":"WebPage","@id":"https:\/\/www.blog2social.com\/de\/blog\/revisiones\/","url":"https:\/\/www.blog2social.com\/de\/blog\/revisiones\/","name":"Informes de revisiones de Blog2Social","isPartOf":{"@id":"https:\/\/www.blog2social.com\/de\/blog\/#website"},"primaryImageOfPage":{"@id":"https:\/\/www.blog2social.com\/de\/blog\/revisiones\/#primaryimage"},"image":{"@id":"https:\/\/www.blog2social.com\/de\/blog\/revisiones\/#primaryimage"},"thumbnailUrl":"https:\/\/www.blog2social.com\/de\/blog\/wp-content\/uploads\/2021\/11\/review-anfrage-sp.png","datePublished":"2021-11-22T08:04:31+00:00","dateModified":"2022-04-28T10:07:11+00:00","description":"Aqu\u00ed encontrar\u00e1s las revisiones m\u00e1s destacadas de la herramienta de redes sociales Blog2Social. Comprueba lo que otros piensan sobre Blog2Social o deja una valoraci\u00f3n t\u00fa mismo.","breadcrumb":{"@id":"https:\/\/www.blog2social.com\/de\/blog\/revisiones\/#breadcrumb"},"inLanguage":"de","potentialAction":[{"@type":"ReadAction","target":["https:\/\/www.blog2social.com\/de\/blog\/revisiones\/"]}]},{"@type":"ImageObject","inLanguage":"de","@id":"https:\/\/www.blog2social.com\/de\/blog\/revisiones\/#primaryimage","url":"https:\/\/www.blog2social.com\/de\/blog\/wp-content\/uploads\/2021\/11\/review-anfrage-sp.png","contentUrl":"https:\/\/www.blog2social.com\/de\/blog\/wp-content\/uploads\/2021\/11\/review-anfrage-sp.png","width":400,"height":200,"caption":"\u00bfTe gusta trabajar con Blog2Social? Corre la voz y danos una calificaci\u00f3n de 5 estrellas. \u00a1Muchas gracias!"},{"@type":"BreadcrumbList","@id":"https:\/\/www.blog2social.com\/de\/blog\/revisiones\/#breadcrumb","itemListElement":[{"@type":"ListItem","position":1,"name":"Home","item":"https:\/\/www.blog2social.com\/de\/blog\/"},{"@type":"ListItem","position":2,"name":"Informes de revisiones de Blog2Social"}]},{"@type":"WebSite","@id":"https:\/\/www.blog2social.com\/de\/blog\/#website","url":"https:\/\/www.blog2social.com\/de\/blog\/","name":"Blog2Social Blog - Social Media Marketing f\u00fcr Blogs","description":"Tipps zum Optimieren von Social Media Posts auf Netzwerken wie Facebook, Twitter, XING, Instagram, Pinterest. Profi-Tipps zu den besten Zeiten.","potentialAction":[{"@type":"SearchAction","target":{"@type":"EntryPoint","urlTemplate":"https:\/\/www.blog2social.com\/de\/blog\/?s={search_term_string}"},"query-input":{"@type":"PropertyValueSpecification","valueRequired":true,"valueName":"search_term_string"}}],"inLanguage":"de"}]}},"post_mailing_queue_ids":[],"_links":{"self":[{"href":"https:\/\/www.blog2social.com\/de\/blog\/wp-json\/wp\/v2\/pages\/106072","targetHints":{"allow":["GET"]}}],"collection":[{"href":"https:\/\/www.blog2social.com\/de\/blog\/wp-json\/wp\/v2\/pages"}],"about":[{"href":"https:\/\/www.blog2social.com\/de\/blog\/wp-json\/wp\/v2\/types\/page"}],"author":[{"embeddable":true,"href":"https:\/\/www.blog2social.com\/de\/blog\/wp-json\/wp\/v2\/users\/4"}],"replies":[{"embeddable":true,"href":"https:\/\/www.blog2social.com\/de\/blog\/wp-json\/wp\/v2\/comments?post=106072"}],"version-history":[{"count":1,"href":"https:\/\/www.blog2social.com\/de\/blog\/wp-json\/wp\/v2\/pages\/106072\/revisions"}],"predecessor-version":[{"id":106573,"href":"https:\/\/www.blog2social.com\/de\/blog\/wp-json\/wp\/v2\/pages\/106072\/revisions\/106573"}],"wp:attachment":[{"href":"https:\/\/www.blog2social.com\/de\/blog\/wp-json\/wp\/v2\/media?parent=106072"}],"curies":[{"name":"wp","href":"https:\/\/api.w.org\/{rel}","templated":true}]}}