{"id":8,"date":"2015-01-08T16:26:37","date_gmt":"2015-01-08T16:26:37","guid":{"rendered":"http:\/\/blog2social.de\/wordpress\/?page_id=8"},"modified":"2015-07-06T15:07:15","modified_gmt":"2015-07-06T15:07:15","slug":"kontakt","status":"publish","type":"page","link":"https:\/\/www.blog2social.com\/de\/blog\/kontakt\/","title":{"rendered":"Kontakt"},"content":{"rendered":"<p>[:de]Support<br \/>\n+49 2181 7569-266<br \/>\nsupport@blog2social.de<br \/>\n[:en]Bitte rufen Sie uns an[:]<\/p>\n","protected":false},"excerpt":{"rendered":"<p>[:de]Support +49 2181 7569-266 support@blog2social.de [:en]Bitte rufen Sie uns an[:]<\/p>\n","protected":false},"author":1,"featured_media":0,"parent":0,"menu_order":0,"comment_status":"closed","ping_status":"closed","template":"","meta":{"footnotes":""},"class_list":["post-8","page","type-page","status-publish","hentry"],"yoast_head":"<!-- This site is optimized with the Yoast SEO plugin v27.6 - https:\/\/yoast.com\/product\/yoast-seo-wordpress\/ -->\n<title>Kontakt - Blog2Social Blog - Social Media Marketing f\u00fcr Blogs<\/title>\n<meta name=\"description\" content=\"Blogbeitr\u00e4ge individuell f\u00fcr jedes Netzwerk optimiert und zeitgesteuert automatisiert auf Social Media Profilen, auf Seiten und in Gruppen teilen\" \/>\n<meta name=\"robots\" content=\"index, follow, max-snippet:-1, max-image-preview:large, max-video-preview:-1\" \/>\n<link rel=\"canonical\" href=\"https:\/\/www.blog2social.com\/de\/blog\/kontakt\/\" \/>\n<meta property=\"og:locale\" content=\"de_DE\" \/>\n<meta property=\"og:type\" content=\"article\" \/>\n<meta property=\"og:title\" content=\"Kontakt - Blog2Social Blog - Social Media Marketing f\u00fcr Blogs\" \/>\n<meta property=\"og:description\" content=\"Blogbeitr\u00e4ge individuell f\u00fcr jedes Netzwerk optimiert und zeitgesteuert automatisiert auf Social Media Profilen, auf Seiten und in Gruppen teilen\" \/>\n<meta property=\"og:url\" content=\"https:\/\/www.blog2social.com\/de\/blog\/kontakt\/\" \/>\n<meta property=\"og:site_name\" content=\"Blog2Social Blog - Social Media Marketing f\u00fcr Blogs\" \/>\n<meta property=\"article:publisher\" content=\"https:\/\/www.facebook.com\/Blog2Social\" \/>\n<meta property=\"article:modified_time\" content=\"2015-07-06T15:07:15+00:00\" \/>\n<script type=\"application\/ld+json\" class=\"yoast-schema-graph\">{\"@context\":\"https:\\\/\\\/schema.org\",\"@graph\":[{\"@type\":\"WebPage\",\"@id\":\"https:\\\/\\\/www.blog2social.com\\\/de\\\/blog\\\/kontakt\\\/\",\"url\":\"https:\\\/\\\/www.blog2social.com\\\/de\\\/blog\\\/kontakt\\\/\",\"name\":\"Kontakt - Blog2Social Blog - Social Media Marketing f\u00fcr Blogs\",\"isPartOf\":{\"@id\":\"https:\\\/\\\/www.blog2social.com\\\/de\\\/blog\\\/#website\"},\"datePublished\":\"2015-01-08T16:26:37+00:00\",\"dateModified\":\"2015-07-06T15:07:15+00:00\",\"description\":\"Blogbeitr\u00e4ge individuell f\u00fcr jedes Netzwerk optimiert und zeitgesteuert automatisiert auf Social Media Profilen, auf Seiten und in Gruppen teilen\",\"breadcrumb\":{\"@id\":\"https:\\\/\\\/www.blog2social.com\\\/de\\\/blog\\\/kontakt\\\/#breadcrumb\"},\"inLanguage\":\"de\",\"potentialAction\":[{\"@type\":\"ReadAction\",\"target\":[\"https:\\\/\\\/www.blog2social.com\\\/de\\\/blog\\\/kontakt\\\/\"]}]},{\"@type\":\"BreadcrumbList\",\"@id\":\"https:\\\/\\\/www.blog2social.com\\\/de\\\/blog\\\/kontakt\\\/#breadcrumb\",\"itemListElement\":[{\"@type\":\"ListItem\",\"position\":1,\"name\":\"Home\",\"item\":\"https:\\\/\\\/www.blog2social.com\\\/de\\\/blog\\\/\"},{\"@type\":\"ListItem\",\"position\":2,\"name\":\"Kontakt\"}]},{\"@type\":\"WebSite\",\"@id\":\"https:\\\/\\\/www.blog2social.com\\\/de\\\/blog\\\/#website\",\"url\":\"https:\\\/\\\/www.blog2social.com\\\/de\\\/blog\\\/\",\"name\":\"Blog2Social Blog - Social Media Marketing f\u00fcr Blogs\",\"description\":\"Tipps zum Optimieren von Social Media Posts auf Netzwerken wie Facebook, Twitter, XING, Instagram, Pinterest. Profi-Tipps zu den besten Zeiten.\",\"potentialAction\":[{\"@type\":\"SearchAction\",\"target\":{\"@type\":\"EntryPoint\",\"urlTemplate\":\"https:\\\/\\\/www.blog2social.com\\\/de\\\/blog\\\/?s={search_term_string}\"},\"query-input\":{\"@type\":\"PropertyValueSpecification\",\"valueRequired\":true,\"valueName\":\"search_term_string\"}}],\"inLanguage\":\"de\"}]}<\/script>\n<!-- \/ Yoast SEO plugin. -->","yoast_head_json":{"title":"Kontakt - Blog2Social Blog - Social Media Marketing f\u00fcr Blogs","description":"Blogbeitr\u00e4ge individuell f\u00fcr jedes Netzwerk optimiert und zeitgesteuert automatisiert auf Social Media Profilen, auf Seiten und in Gruppen teilen","robots":{"index":"index","follow":"follow","max-snippet":"max-snippet:-1","max-image-preview":"max-image-preview:large","max-video-preview":"max-video-preview:-1"},"canonical":"https:\/\/www.blog2social.com\/de\/blog\/kontakt\/","og_locale":"de_DE","og_type":"article","og_title":"Kontakt - Blog2Social Blog - Social Media Marketing f\u00fcr Blogs","og_description":"Blogbeitr\u00e4ge individuell f\u00fcr jedes Netzwerk optimiert und zeitgesteuert automatisiert auf Social Media Profilen, auf Seiten und in Gruppen teilen","og_url":"https:\/\/www.blog2social.com\/de\/blog\/kontakt\/","og_site_name":"Blog2Social Blog - Social Media Marketing f\u00fcr Blogs","article_publisher":"https:\/\/www.facebook.com\/Blog2Social","article_modified_time":"2015-07-06T15:07:15+00:00","schema":{"@context":"https:\/\/schema.org","@graph":[{"@type":"WebPage","@id":"https:\/\/www.blog2social.com\/de\/blog\/kontakt\/","url":"https:\/\/www.blog2social.com\/de\/blog\/kontakt\/","name":"Kontakt - Blog2Social Blog - Social Media Marketing f\u00fcr Blogs","isPartOf":{"@id":"https:\/\/www.blog2social.com\/de\/blog\/#website"},"datePublished":"2015-01-08T16:26:37+00:00","dateModified":"2015-07-06T15:07:15+00:00","description":"Blogbeitr\u00e4ge individuell f\u00fcr jedes Netzwerk optimiert und zeitgesteuert automatisiert auf Social Media Profilen, auf Seiten und in Gruppen teilen","breadcrumb":{"@id":"https:\/\/www.blog2social.com\/de\/blog\/kontakt\/#breadcrumb"},"inLanguage":"de","potentialAction":[{"@type":"ReadAction","target":["https:\/\/www.blog2social.com\/de\/blog\/kontakt\/"]}]},{"@type":"BreadcrumbList","@id":"https:\/\/www.blog2social.com\/de\/blog\/kontakt\/#breadcrumb","itemListElement":[{"@type":"ListItem","position":1,"name":"Home","item":"https:\/\/www.blog2social.com\/de\/blog\/"},{"@type":"ListItem","position":2,"name":"Kontakt"}]},{"@type":"WebSite","@id":"https:\/\/www.blog2social.com\/de\/blog\/#website","url":"https:\/\/www.blog2social.com\/de\/blog\/","name":"Blog2Social Blog - Social Media Marketing f\u00fcr Blogs","description":"Tipps zum Optimieren von Social Media Posts auf Netzwerken wie Facebook, Twitter, XING, Instagram, Pinterest. Profi-Tipps zu den besten Zeiten.","potentialAction":[{"@type":"SearchAction","target":{"@type":"EntryPoint","urlTemplate":"https:\/\/www.blog2social.com\/de\/blog\/?s={search_term_string}"},"query-input":{"@type":"PropertyValueSpecification","valueRequired":true,"valueName":"search_term_string"}}],"inLanguage":"de"}]}},"post_mailing_queue_ids":[],"_links":{"self":[{"href":"https:\/\/www.blog2social.com\/de\/blog\/wp-json\/wp\/v2\/pages\/8","targetHints":{"allow":["GET"]}}],"collection":[{"href":"https:\/\/www.blog2social.com\/de\/blog\/wp-json\/wp\/v2\/pages"}],"about":[{"href":"https:\/\/www.blog2social.com\/de\/blog\/wp-json\/wp\/v2\/types\/page"}],"author":[{"embeddable":true,"href":"https:\/\/www.blog2social.com\/de\/blog\/wp-json\/wp\/v2\/users\/1"}],"replies":[{"embeddable":true,"href":"https:\/\/www.blog2social.com\/de\/blog\/wp-json\/wp\/v2\/comments?post=8"}],"version-history":[{"count":0,"href":"https:\/\/www.blog2social.com\/de\/blog\/wp-json\/wp\/v2\/pages\/8\/revisions"}],"wp:attachment":[{"href":"https:\/\/www.blog2social.com\/de\/blog\/wp-json\/wp\/v2\/media?parent=8"}],"curies":[{"name":"wp","href":"https:\/\/api.w.org\/{rel}","templated":true}]}}